{"id":62039,"date":"2025-11-07T17:27:27","date_gmt":"2025-11-07T16:27:27","guid":{"rendered":"https:\/\/goblingames.mk\/?post_type=product&#038;p=62039"},"modified":"2025-12-10T02:08:01","modified_gmt":"2025-12-10T01:08:01","slug":"pokemon-trading-card-game-holiday-calendar","status":"publish","type":"product","link":"https:\/\/goblingames.mk\/en\/product\/pokemon-trading-card-game-holiday-calendar\/","title":{"rendered":"Pok\u00e9mon Trading Card Game: Holiday Calendar"},"content":{"rendered":"<p>Celebrate the happiest season of them all with 25 days of surprises in the Pok\u00e9mon Trading Card Game: Holiday Calendar! From special foil cards to booster packs and more, there\u2019s a different Pok\u00e9mon goodie to open every day. Whether you\u2019re treating yourself or embracing the season of giving, every day\u2019s a delight with this holiday calendar.<\/p>","protected":false},"excerpt":{"rendered":"<ul>\n<li>The Pok\u00e9mon TCG: Holiday Calendar includes 25 surprises to discover:\n<ul class=\"list\">\n<li>8 foil Pok\u00e9mon TCG cards with a festive stamp<\/li>\n<li>6 Pok\u00e9mon TCG booster packs<\/li>\n<li>7 Pok\u00e9mon TCG 3-card fun packs<\/li>\n<li>2 Pok\u00e9mon coins<\/li>\n<li>2 Pok\u00e9mon sticker sheets<\/li>\n<li>Plus, find a code card for\u00a0<a href=\"https:\/\/tcg.pokemon.com\/tcgl\">Pok\u00e9mon TCG Live<\/a>!<\/li>\n<\/ul>\n<\/li>\n<\/ul>","protected":false},"featured_media":92156,"template":"","meta":{"_monsterinsights_skip_tracking":false,"_monsterinsights_sitenote_active":false,"_monsterinsights_sitenote_note":"","_monsterinsights_sitenote_category":0},"product_cat":[453,457,186],"product_tag":[499],"yoast_head":"<!-- This site is optimized with the Yoast SEO plugin v16.1 - https:\/\/yoast.com\/wordpress\/plugins\/seo\/ -->\n<title>Pok\u00e9mon Trading Card Game: Holiday Calendar - Goblin Games<\/title>\n<link rel=\"canonical\" href=\"https:\/\/goblingames.mk\/en\/product\/pokemon-trading-card-game-holiday-calendar\/\" \/>\n<meta property=\"og:locale\" content=\"en_US\" \/>\n<meta property=\"og:type\" content=\"article\" \/>\n<meta property=\"og:title\" content=\"Pok\u00e9mon Trading Card Game: Holiday Calendar - Goblin Games\" \/>\n<meta property=\"og:description\" content=\"The Pok\u00e9mon TCG: Holiday Calendar includes 25 surprises to discover:   8 foil Pok\u00e9mon TCG cards with a festive stamp  6 Pok\u00e9mon TCG booster packs  7 Pok\u00e9mon TCG 3-card fun packs  2 Pok\u00e9mon coins  2 Pok\u00e9mon sticker sheets  Plus, find a code card for\u00a0Pok\u00e9mon TCG Live!\" \/>\n<meta property=\"og:url\" content=\"https:\/\/goblingames.mk\/en\/product\/pokemon-trading-card-game-holiday-calendar\/\" \/>\n<meta property=\"og:site_name\" content=\"Goblin Games\" \/>\n<meta property=\"article:publisher\" content=\"https:\/\/www.facebook.com\/goblingames.mk\" \/>\n<meta property=\"article:modified_time\" content=\"2025-12-10T01:08:01+00:00\" \/>\n<meta property=\"og:image\" content=\"https:\/\/goblingames.mk\/wp\/wp-content\/uploads\/2025\/11\/Pok6mon-TCG-Holiday-Calendar-2025.jpg\" \/>\n\t<meta property=\"og:image:width\" content=\"500\" \/>\n\t<meta property=\"og:image:height\" content=\"500\" \/>\n<meta name=\"twitter:card\" content=\"summary_large_image\" \/>\n<meta name=\"twitter:site\" content=\"@GoblinShizici\" \/>\n<meta name=\"twitter:label1\" content=\"Est. reading time\">\n\t<meta name=\"twitter:data1\" content=\"1 minute\">\n<script type=\"application\/ld+json\" class=\"yoast-schema-graph\">{\"@context\":\"https:\/\/schema.org\",\"@graph\":[{\"@type\":\"WebSite\",\"@id\":\"https:\/\/goblingames.mk\/#website\",\"url\":\"https:\/\/goblingames.mk\/\",\"name\":\"Goblin Games\",\"description\":\"\",\"potentialAction\":[{\"@type\":\"SearchAction\",\"target\":\"https:\/\/goblingames.mk\/?s={search_term_string}\",\"query-input\":\"required name=search_term_string\"}],\"inLanguage\":\"en-US\"},{\"@type\":\"ImageObject\",\"@id\":\"https:\/\/goblingames.mk\/product\/pokemon-trading-card-game-holiday-calendar\/#primaryimage\",\"inLanguage\":\"en-US\",\"url\":\"https:\/\/goblingames.mk\/wp\/wp-content\/uploads\/2025\/11\/Pok6mon-TCG-Holiday-Calendar-2025.jpg\",\"contentUrl\":\"https:\/\/goblingames.mk\/wp\/wp-content\/uploads\/2025\/11\/Pok6mon-TCG-Holiday-Calendar-2025.jpg\",\"width\":500,\"height\":500},{\"@type\":\"WebPage\",\"@id\":\"https:\/\/goblingames.mk\/product\/pokemon-trading-card-game-holiday-calendar\/#webpage\",\"url\":\"https:\/\/goblingames.mk\/product\/pokemon-trading-card-game-holiday-calendar\/\",\"name\":\"Pok\\u00e9mon Trading Card Game: Holiday Calendar - Goblin Games\",\"isPartOf\":{\"@id\":\"https:\/\/goblingames.mk\/#website\"},\"primaryImageOfPage\":{\"@id\":\"https:\/\/goblingames.mk\/product\/pokemon-trading-card-game-holiday-calendar\/#primaryimage\"},\"datePublished\":\"2025-11-07T16:27:27+00:00\",\"dateModified\":\"2025-12-10T01:08:01+00:00\",\"breadcrumb\":{\"@id\":\"https:\/\/goblingames.mk\/product\/pokemon-trading-card-game-holiday-calendar\/#breadcrumb\"},\"inLanguage\":\"en-US\",\"potentialAction\":[{\"@type\":\"ReadAction\",\"target\":[\"https:\/\/goblingames.mk\/product\/pokemon-trading-card-game-holiday-calendar\/\"]}]},{\"@type\":\"BreadcrumbList\",\"@id\":\"https:\/\/goblingames.mk\/product\/pokemon-trading-card-game-holiday-calendar\/#breadcrumb\",\"itemListElement\":[{\"@type\":\"ListItem\",\"position\":1,\"item\":{\"@type\":\"WebPage\",\"@id\":\"https:\/\/goblingames.mk\/\",\"url\":\"https:\/\/goblingames.mk\/\",\"name\":\"Home\"}},{\"@type\":\"ListItem\",\"position\":2,\"item\":{\"@type\":\"WebPage\",\"@id\":\"https:\/\/goblingames.mk\/shop\/\",\"url\":\"https:\/\/goblingames.mk\/shop\/\",\"name\":\"Shop\"}},{\"@type\":\"ListItem\",\"position\":3,\"item\":{\"@type\":\"WebPage\",\"@id\":\"https:\/\/goblingames.mk\/product-category\/goblin-kids\/\",\"url\":\"https:\/\/goblingames.mk\/product-category\/goblin-kids\/\",\"name\":\"Goblin Kids\"}},{\"@type\":\"ListItem\",\"position\":4,\"item\":{\"@type\":\"WebPage\",\"@id\":\"https:\/\/goblingames.mk\/product\/pokemon-trading-card-game-holiday-calendar\/\",\"url\":\"https:\/\/goblingames.mk\/product\/pokemon-trading-card-game-holiday-calendar\/\",\"name\":\"Pok\\u00e9mon Trading Card Game: Holiday Calendar\"}}]}]}<\/script>\n<!-- \/ Yoast SEO plugin. -->","_links":{"self":[{"href":"https:\/\/goblingames.mk\/en\/wp-json\/wp\/v2\/product\/62039"}],"collection":[{"href":"https:\/\/goblingames.mk\/en\/wp-json\/wp\/v2\/product"}],"about":[{"href":"https:\/\/goblingames.mk\/en\/wp-json\/wp\/v2\/types\/product"}],"version-history":[{"count":5,"href":"https:\/\/goblingames.mk\/en\/wp-json\/wp\/v2\/product\/62039\/revisions"}],"predecessor-version":[{"id":92214,"href":"https:\/\/goblingames.mk\/en\/wp-json\/wp\/v2\/product\/62039\/revisions\/92214"}],"wp:featuredmedia":[{"embeddable":true,"href":"https:\/\/goblingames.mk\/en\/wp-json\/wp\/v2\/media\/92156"}],"wp:attachment":[{"href":"https:\/\/goblingames.mk\/en\/wp-json\/wp\/v2\/media?parent=62039"}],"wp:term":[{"taxonomy":"product_cat","embeddable":true,"href":"https:\/\/goblingames.mk\/en\/wp-json\/wp\/v2\/product_cat?post=62039"},{"taxonomy":"product_tag","embeddable":true,"href":"https:\/\/goblingames.mk\/en\/wp-json\/wp\/v2\/product_tag?post=62039"}],"curies":[{"name":"wp","href":"https:\/\/api.w.org\/{rel}","templated":true}]}}