{"id":64214,"date":"2023-10-31T23:34:58","date_gmt":"2023-10-31T22:34:58","guid":{"rendered":"https:\/\/goblingames.mk\/?post_type=product&#038;p=64214"},"modified":"2025-10-21T18:38:53","modified_gmt":"2025-10-21T16:38:53","slug":"kangaskhan-ex-battle-deck","status":"publish","type":"product","link":"https:\/\/goblingames.mk\/en\/product\/kangaskhan-ex-battle-deck\/","title":{"rendered":"Kangaskhan ex Battle Deck"},"content":{"rendered":"<p>Mighty Pok\u00e9mon ex battle for victory! Powerful Pok\u00e9mon ex are ready to charge onto the battlefield in the new Pok\u00e9mon TCG: ex Battle Decks! Each 60-card deck is led by an exceptional Pok\u00e9mon ex and includes everything you need to play right away.<\/p>\n<p>Let the battle begin!<\/p>","protected":false},"excerpt":{"rendered":"<p>In each box, you\u2019ll find:<\/p>\n<ul>\n<li>1 Ready-to-play 60-card deck<\/li>\n<li>3 Reference cards<\/li>\n<li>1 Rules booklet<\/li>\n<li>1 Single-player playmat<\/li>\n<li>1 Set of damage counters<\/li>\n<li>1 Large metallic coin<\/li>\n<li>1 Deck box<\/li>\n<li>1 Strategy sheet<\/li>\n<li>1 Code card to play this deck online<\/li>\n<\/ul>","protected":false},"featured_media":64149,"template":"","meta":{"_monsterinsights_skip_tracking":false,"_monsterinsights_sitenote_active":false,"_monsterinsights_sitenote_note":"","_monsterinsights_sitenote_category":0},"product_cat":[453,457,186],"product_tag":[487],"yoast_head":"<!-- This site is optimized with the Yoast SEO plugin v16.1 - https:\/\/yoast.com\/wordpress\/plugins\/seo\/ -->\n<title>Kangaskhan ex Battle Deck - Goblin Games<\/title>\n<link rel=\"canonical\" href=\"https:\/\/goblingames.mk\/en\/product\/kangaskhan-ex-battle-deck\/\" \/>\n<meta property=\"og:locale\" content=\"en_US\" \/>\n<meta property=\"og:type\" content=\"article\" \/>\n<meta property=\"og:title\" content=\"Kangaskhan ex Battle Deck - Goblin Games\" \/>\n<meta property=\"og:description\" content=\"In each box, you\u2019ll find:   1 Ready-to-play 60-card deck  3 Reference cards  1 Rules booklet  1 Single-player playmat  1 Set of damage counters  1 Large metallic coin  1 Deck box  1 Strategy sheet  1 Code card to play this deck online\" \/>\n<meta property=\"og:url\" content=\"https:\/\/goblingames.mk\/en\/product\/kangaskhan-ex-battle-deck\/\" \/>\n<meta property=\"og:site_name\" content=\"Goblin Games\" \/>\n<meta property=\"article:publisher\" content=\"https:\/\/www.facebook.com\/goblingames.mk\" \/>\n<meta property=\"article:modified_time\" content=\"2025-10-21T16:38:53+00:00\" \/>\n<meta property=\"og:image\" content=\"https:\/\/goblingames.mk\/wp\/wp-content\/uploads\/2023\/10\/Kangaskhan-ex-Battle-Deck.jpg\" \/>\n\t<meta property=\"og:image:width\" content=\"500\" \/>\n\t<meta property=\"og:image:height\" content=\"500\" \/>\n<meta name=\"twitter:card\" content=\"summary_large_image\" \/>\n<meta name=\"twitter:site\" content=\"@GoblinShizici\" \/>\n<meta name=\"twitter:label1\" content=\"Est. reading time\">\n\t<meta name=\"twitter:data1\" content=\"1 minute\">\n<script type=\"application\/ld+json\" class=\"yoast-schema-graph\">{\"@context\":\"https:\/\/schema.org\",\"@graph\":[{\"@type\":\"WebSite\",\"@id\":\"https:\/\/goblingames.mk\/#website\",\"url\":\"https:\/\/goblingames.mk\/\",\"name\":\"Goblin Games\",\"description\":\"\",\"potentialAction\":[{\"@type\":\"SearchAction\",\"target\":\"https:\/\/goblingames.mk\/?s={search_term_string}\",\"query-input\":\"required name=search_term_string\"}],\"inLanguage\":\"en-US\"},{\"@type\":\"ImageObject\",\"@id\":\"https:\/\/goblingames.mk\/product\/kangaskhan-ex-battle-deck\/#primaryimage\",\"inLanguage\":\"en-US\",\"url\":\"https:\/\/goblingames.mk\/wp\/wp-content\/uploads\/2023\/10\/Kangaskhan-ex-Battle-Deck.jpg\",\"contentUrl\":\"https:\/\/goblingames.mk\/wp\/wp-content\/uploads\/2023\/10\/Kangaskhan-ex-Battle-Deck.jpg\",\"width\":500,\"height\":500},{\"@type\":\"WebPage\",\"@id\":\"https:\/\/goblingames.mk\/product\/kangaskhan-ex-battle-deck\/#webpage\",\"url\":\"https:\/\/goblingames.mk\/product\/kangaskhan-ex-battle-deck\/\",\"name\":\"Kangaskhan ex Battle Deck - Goblin Games\",\"isPartOf\":{\"@id\":\"https:\/\/goblingames.mk\/#website\"},\"primaryImageOfPage\":{\"@id\":\"https:\/\/goblingames.mk\/product\/kangaskhan-ex-battle-deck\/#primaryimage\"},\"datePublished\":\"2023-10-31T22:34:58+00:00\",\"dateModified\":\"2025-10-21T16:38:53+00:00\",\"breadcrumb\":{\"@id\":\"https:\/\/goblingames.mk\/product\/kangaskhan-ex-battle-deck\/#breadcrumb\"},\"inLanguage\":\"en-US\",\"potentialAction\":[{\"@type\":\"ReadAction\",\"target\":[\"https:\/\/goblingames.mk\/product\/kangaskhan-ex-battle-deck\/\"]}]},{\"@type\":\"BreadcrumbList\",\"@id\":\"https:\/\/goblingames.mk\/product\/kangaskhan-ex-battle-deck\/#breadcrumb\",\"itemListElement\":[{\"@type\":\"ListItem\",\"position\":1,\"item\":{\"@type\":\"WebPage\",\"@id\":\"https:\/\/goblingames.mk\/\",\"url\":\"https:\/\/goblingames.mk\/\",\"name\":\"Home\"}},{\"@type\":\"ListItem\",\"position\":2,\"item\":{\"@type\":\"WebPage\",\"@id\":\"https:\/\/goblingames.mk\/shop\/\",\"url\":\"https:\/\/goblingames.mk\/shop\/\",\"name\":\"Shop\"}},{\"@type\":\"ListItem\",\"position\":3,\"item\":{\"@type\":\"WebPage\",\"@id\":\"https:\/\/goblingames.mk\/product-category\/tradingcardgames\/\",\"url\":\"https:\/\/goblingames.mk\/product-category\/tradingcardgames\/\",\"name\":\"Trading Card Games\"}},{\"@type\":\"ListItem\",\"position\":4,\"item\":{\"@type\":\"WebPage\",\"@id\":\"https:\/\/goblingames.mk\/product\/kangaskhan-ex-battle-deck\/\",\"url\":\"https:\/\/goblingames.mk\/product\/kangaskhan-ex-battle-deck\/\",\"name\":\"Kangaskhan ex Battle Deck\"}}]}]}<\/script>\n<!-- \/ Yoast SEO plugin. -->","_links":{"self":[{"href":"https:\/\/goblingames.mk\/en\/wp-json\/wp\/v2\/product\/64214"}],"collection":[{"href":"https:\/\/goblingames.mk\/en\/wp-json\/wp\/v2\/product"}],"about":[{"href":"https:\/\/goblingames.mk\/en\/wp-json\/wp\/v2\/types\/product"}],"version-history":[{"count":8,"href":"https:\/\/goblingames.mk\/en\/wp-json\/wp\/v2\/product\/64214\/revisions"}],"predecessor-version":[{"id":86127,"href":"https:\/\/goblingames.mk\/en\/wp-json\/wp\/v2\/product\/64214\/revisions\/86127"}],"wp:featuredmedia":[{"embeddable":true,"href":"https:\/\/goblingames.mk\/en\/wp-json\/wp\/v2\/media\/64149"}],"wp:attachment":[{"href":"https:\/\/goblingames.mk\/en\/wp-json\/wp\/v2\/media?parent=64214"}],"wp:term":[{"taxonomy":"product_cat","embeddable":true,"href":"https:\/\/goblingames.mk\/en\/wp-json\/wp\/v2\/product_cat?post=64214"},{"taxonomy":"product_tag","embeddable":true,"href":"https:\/\/goblingames.mk\/en\/wp-json\/wp\/v2\/product_tag?post=64214"}],"curies":[{"name":"wp","href":"https:\/\/api.w.org\/{rel}","templated":true}]}}