{"id":72405,"date":"2024-03-27T22:20:22","date_gmt":"2024-03-27T21:20:22","guid":{"rendered":"https:\/\/goblingames.mk\/?post_type=product&#038;p=72405"},"modified":"2025-06-01T01:00:02","modified_gmt":"2025-05-31T23:00:02","slug":"ampharos-ex-battle-deck","status":"publish","type":"product","link":"https:\/\/goblingames.mk\/en\/product\/ampharos-ex-battle-deck\/","title":{"rendered":"Ampharos ex Battle Deck"},"content":{"rendered":"<div class=\"product-info-description--U6UnG\">\n<h3>Ampharos ex Charges Up &amp; Lets Loose!<\/h3>\n<p>Powerful Pok\u00e9mon ex are ready to charge onto the battlefield in the Pok\u00e9mon TCG: ex Battle Decks! Each 60-card deck is led by an exceptional Pok\u00e9mon ex and includes everything you need to play right away. Let the battle begin!<\/p>\n<h3>Deck List<\/h3>\n<ul>\n<li>1\u00d7 Ampharos ex<\/li>\n<li>2\u00d7 Flaaffy<\/li>\n<li>3\u00d7 Mareep<\/li>\n<li>3\u00d7 Kilowattrel<\/li>\n<li>3\u00d7 Wattrel<\/li>\n<li>1\u00d7 Staraptor<\/li>\n<li>2\u00d7 Staravia<\/li>\n<li>3\u00d7 Starly<\/li>\n<li>1\u00d7 Miraidon<\/li>\n<li>2\u00d7 Rotom<\/li>\n<li>1\u00d7 Flamigo<\/li>\n<li>4\u00d7 Nemona<\/li>\n<li>4\u00d7 Youngster<\/li>\n<li>1\u00d7 Jacq<\/li>\n<li>2\u00d7 Energy Retrieval<\/li>\n<li>2\u00d7 Nest Ball<\/li>\n<li>2\u00d7 Potion<\/li>\n<li>2\u00d7 Switch<\/li>\n<li>2\u00d7 Ultra Ball<\/li>\n<li>1\u00d7 Pok\u00e9gear 3.0<\/li>\n<li>18\u00d7 Basic Lightning Energy<\/li>\n<\/ul>\n<\/div>","protected":false},"excerpt":{"rendered":"<p>In each box, you\u2019ll find:<\/p>\n<ul>\n<li>1 ready-to-play 60-card deck<\/li>\n<li>3 reference cards<\/li>\n<li>1 rules booklet<\/li>\n<li>1 single-player playmat<\/li>\n<li>1 set of damage counters<\/li>\n<li>1 large metallic coin<\/li>\n<li>1 deck box<\/li>\n<li>1 strategy sheet<\/li>\n<li>1 code card to play this deck online<\/li>\n<\/ul>","protected":false},"featured_media":72407,"template":"","meta":{"_monsterinsights_skip_tracking":false,"_monsterinsights_sitenote_active":false,"_monsterinsights_sitenote_note":"","_monsterinsights_sitenote_category":0},"product_cat":[453,457,186],"product_tag":[487],"yoast_head":"<!-- This site is optimized with the Yoast SEO plugin v16.1 - https:\/\/yoast.com\/wordpress\/plugins\/seo\/ -->\n<title>Ampharos ex Battle Deck - Goblin Games<\/title>\n<link rel=\"canonical\" href=\"https:\/\/goblingames.mk\/en\/product\/ampharos-ex-battle-deck\/\" \/>\n<meta property=\"og:locale\" content=\"en_US\" \/>\n<meta property=\"og:type\" content=\"article\" \/>\n<meta property=\"og:title\" content=\"Ampharos ex Battle Deck - Goblin Games\" \/>\n<meta property=\"og:description\" content=\"In each box, you\u2019ll find:   1 ready-to-play 60-card deck  3 reference cards  1 rules booklet  1 single-player playmat  1 set of damage counters  1 large metallic coin  1 deck box  1 strategy sheet  1 code card to play this deck online\" \/>\n<meta property=\"og:url\" content=\"https:\/\/goblingames.mk\/en\/product\/ampharos-ex-battle-deck\/\" \/>\n<meta property=\"og:site_name\" content=\"Goblin Games\" \/>\n<meta property=\"article:publisher\" content=\"https:\/\/www.facebook.com\/goblingames.mk\" \/>\n<meta property=\"article:modified_time\" content=\"2025-05-31T23:00:02+00:00\" \/>\n<meta property=\"og:image\" content=\"https:\/\/goblingames.mk\/wp\/wp-content\/uploads\/2024\/03\/Ampharos-ex-Battle-Deck.jpg\" \/>\n\t<meta property=\"og:image:width\" content=\"500\" \/>\n\t<meta property=\"og:image:height\" content=\"500\" \/>\n<meta name=\"twitter:card\" content=\"summary_large_image\" \/>\n<meta name=\"twitter:site\" content=\"@GoblinShizici\" \/>\n<meta name=\"twitter:label1\" content=\"Est. reading time\">\n\t<meta name=\"twitter:data1\" content=\"1 minute\">\n<script type=\"application\/ld+json\" class=\"yoast-schema-graph\">{\"@context\":\"https:\/\/schema.org\",\"@graph\":[{\"@type\":\"WebSite\",\"@id\":\"https:\/\/goblingames.mk\/#website\",\"url\":\"https:\/\/goblingames.mk\/\",\"name\":\"Goblin Games\",\"description\":\"\",\"potentialAction\":[{\"@type\":\"SearchAction\",\"target\":\"https:\/\/goblingames.mk\/?s={search_term_string}\",\"query-input\":\"required name=search_term_string\"}],\"inLanguage\":\"en-US\"},{\"@type\":\"ImageObject\",\"@id\":\"https:\/\/goblingames.mk\/product\/ampharos-ex-battle-deck\/#primaryimage\",\"inLanguage\":\"en-US\",\"url\":\"https:\/\/goblingames.mk\/wp\/wp-content\/uploads\/2024\/03\/Ampharos-ex-Battle-Deck.jpg\",\"contentUrl\":\"https:\/\/goblingames.mk\/wp\/wp-content\/uploads\/2024\/03\/Ampharos-ex-Battle-Deck.jpg\",\"width\":500,\"height\":500},{\"@type\":\"WebPage\",\"@id\":\"https:\/\/goblingames.mk\/product\/ampharos-ex-battle-deck\/#webpage\",\"url\":\"https:\/\/goblingames.mk\/product\/ampharos-ex-battle-deck\/\",\"name\":\"Ampharos ex Battle Deck - Goblin Games\",\"isPartOf\":{\"@id\":\"https:\/\/goblingames.mk\/#website\"},\"primaryImageOfPage\":{\"@id\":\"https:\/\/goblingames.mk\/product\/ampharos-ex-battle-deck\/#primaryimage\"},\"datePublished\":\"2024-03-27T21:20:22+00:00\",\"dateModified\":\"2025-05-31T23:00:02+00:00\",\"breadcrumb\":{\"@id\":\"https:\/\/goblingames.mk\/product\/ampharos-ex-battle-deck\/#breadcrumb\"},\"inLanguage\":\"en-US\",\"potentialAction\":[{\"@type\":\"ReadAction\",\"target\":[\"https:\/\/goblingames.mk\/product\/ampharos-ex-battle-deck\/\"]}]},{\"@type\":\"BreadcrumbList\",\"@id\":\"https:\/\/goblingames.mk\/product\/ampharos-ex-battle-deck\/#breadcrumb\",\"itemListElement\":[{\"@type\":\"ListItem\",\"position\":1,\"item\":{\"@type\":\"WebPage\",\"@id\":\"https:\/\/goblingames.mk\/\",\"url\":\"https:\/\/goblingames.mk\/\",\"name\":\"Home\"}},{\"@type\":\"ListItem\",\"position\":2,\"item\":{\"@type\":\"WebPage\",\"@id\":\"https:\/\/goblingames.mk\/shop\/\",\"url\":\"https:\/\/goblingames.mk\/shop\/\",\"name\":\"Shop\"}},{\"@type\":\"ListItem\",\"position\":3,\"item\":{\"@type\":\"WebPage\",\"@id\":\"https:\/\/goblingames.mk\/product-category\/tradingcardgames\/\",\"url\":\"https:\/\/goblingames.mk\/product-category\/tradingcardgames\/\",\"name\":\"Trading Card Games\"}},{\"@type\":\"ListItem\",\"position\":4,\"item\":{\"@type\":\"WebPage\",\"@id\":\"https:\/\/goblingames.mk\/product\/ampharos-ex-battle-deck\/\",\"url\":\"https:\/\/goblingames.mk\/product\/ampharos-ex-battle-deck\/\",\"name\":\"Ampharos ex Battle Deck\"}}]}]}<\/script>\n<!-- \/ Yoast SEO plugin. -->","_links":{"self":[{"href":"https:\/\/goblingames.mk\/en\/wp-json\/wp\/v2\/product\/72405"}],"collection":[{"href":"https:\/\/goblingames.mk\/en\/wp-json\/wp\/v2\/product"}],"about":[{"href":"https:\/\/goblingames.mk\/en\/wp-json\/wp\/v2\/types\/product"}],"version-history":[{"count":3,"href":"https:\/\/goblingames.mk\/en\/wp-json\/wp\/v2\/product\/72405\/revisions"}],"predecessor-version":[{"id":86111,"href":"https:\/\/goblingames.mk\/en\/wp-json\/wp\/v2\/product\/72405\/revisions\/86111"}],"wp:featuredmedia":[{"embeddable":true,"href":"https:\/\/goblingames.mk\/en\/wp-json\/wp\/v2\/media\/72407"}],"wp:attachment":[{"href":"https:\/\/goblingames.mk\/en\/wp-json\/wp\/v2\/media?parent=72405"}],"wp:term":[{"taxonomy":"product_cat","embeddable":true,"href":"https:\/\/goblingames.mk\/en\/wp-json\/wp\/v2\/product_cat?post=72405"},{"taxonomy":"product_tag","embeddable":true,"href":"https:\/\/goblingames.mk\/en\/wp-json\/wp\/v2\/product_tag?post=72405"}],"curies":[{"name":"wp","href":"https:\/\/api.w.org\/{rel}","templated":true}]}}