{"id":76394,"date":"2025-11-16T14:38:35","date_gmt":"2025-11-16T13:38:35","guid":{"rendered":"https:\/\/goblingames.mk\/?post_type=product&#038;p=76394"},"modified":"2026-04-08T17:26:49","modified_gmt":"2026-04-08T15:26:49","slug":"pokemon-battle-academy-2024","status":"publish","type":"product","link":"https:\/\/goblingames.mk\/en\/product\/pokemon-battle-academy-2024\/","title":{"rendered":"Pokemon Battle Academy 2024"},"content":{"rendered":"<p>Prepare for a Pok\u00e9mon battle with the ready-to-play Pok\u00e9mon Trading Card Game Battle Academy!<\/p>\n<p>The Battle Academy includes everything two players need to play, with guides to the decks so your first game is easy to follow. You can choose Armarouge or Pikachu to lead your team in a<\/p>\n<p>heads-up battle against another Trainer. Then, switch up the decks to play Darkrai against Armarouge or Pikachu, and lead a different team of Pok\u00e9mon into the arena! With a little strategy and a little luck, you can battle with the best!<\/p>","protected":false},"excerpt":{"rendered":"<div>\n<div class=\"YFOl-W-OqZLwoGfUUM4rl\">\n<ul class=\"list\">\n<li>The Pok\u00e9mon TCG Battle Academy includes:\n<ul>\n<li>3 complete Pok\u00e9mon TCG decks (60 cards each).<\/li>\n<li>Each deck includes a powerful special Pok\u00e9mon: Armarouge ex, Pikachu ex, or Darkrai ex.<\/li>\n<li>Includes all-new promo cards: 4 Mareep, 3 Flaaffy, 2 Ampharos, 4 Pawniard, 3 Bisharp, 2 Kingambit, 1 Miraidon, and 6 Picnicker.<\/li>\n<li>1 instruction sheet to help you set up to play.<\/li>\n<li>2 tutorial guides to lead you through the decks.<\/li>\n<li>1 two-player game board.<\/li>\n<li>3 deck boxes to keep the cards organized.<\/li>\n<li>1 rulebook.<\/li>\n<li>1 large metallic coin featuring Armarouge, Pikachu, and Darkrai.<\/li>\n<li>1 set of damage counters.<\/li>\n<li>A code card for Pok\u00e9mon TCG Live.<\/li>\n<li>Suitable for ages 6 and up.<\/li>\n<\/ul>\n<\/li>\n<\/ul>\n<\/div>\n<\/div>","protected":false},"featured_media":76395,"template":"","meta":[],"product_cat":[453,457,186],"product_tag":[],"yoast_head":"<!-- This site is optimized with the Yoast SEO plugin v16.1 - https:\/\/yoast.com\/wordpress\/plugins\/seo\/ -->\n<title>Pokemon Battle Academy 2024 - Goblin Games<\/title>\n<link rel=\"canonical\" href=\"https:\/\/goblingames.mk\/en\/product\/pokemon-battle-academy-2024\/\" \/>\n<meta property=\"og:locale\" content=\"en_US\" \/>\n<meta property=\"og:type\" content=\"article\" \/>\n<meta property=\"og:title\" content=\"Pokemon Battle Academy 2024 - Goblin Games\" \/>\n<meta property=\"og:description\" content=\"The Pok\u00e9mon TCG Battle Academy includes:   3 complete Pok\u00e9mon TCG decks (60 cards each).  Each deck includes a powerful special Pok\u00e9mon: Armarouge ex, Pikachu ex, or Darkrai ex.  Includes all-new promo cards: 4 Mareep, 3 Flaaffy, 2 Ampharos, 4 Pawniard, 3 Bisharp, 2 Kingambit, 1 Miraidon, and 6 Picnicker.  1 instruction sheet to help you set up to play.  2 tutorial guides to lead you through the decks.  1 two-player game board.  3 deck boxes to keep the cards organized.  1 rulebook.  1 large metallic coin featuring Armarouge, Pikachu, and Darkrai.  1 set of damage counters.  A code card for Pok\u00e9mon TCG Live.  Suitable for ages 6 and up.\" \/>\n<meta property=\"og:url\" content=\"https:\/\/goblingames.mk\/en\/product\/pokemon-battle-academy-2024\/\" \/>\n<meta property=\"og:site_name\" content=\"Goblin Games\" \/>\n<meta property=\"article:publisher\" content=\"https:\/\/www.facebook.com\/goblingames.mk\" \/>\n<meta property=\"article:modified_time\" content=\"2026-04-08T15:26:49+00:00\" \/>\n<meta property=\"og:image\" content=\"https:\/\/goblingames.mk\/wp\/wp-content\/uploads\/2024\/08\/Pokemon-Battle-Academy-2024.jpg\" \/>\n\t<meta property=\"og:image:width\" content=\"500\" \/>\n\t<meta property=\"og:image:height\" content=\"500\" \/>\n<meta name=\"twitter:card\" content=\"summary_large_image\" \/>\n<meta name=\"twitter:site\" content=\"@GoblinShizici\" \/>\n<meta name=\"twitter:label1\" content=\"Est. reading time\">\n\t<meta name=\"twitter:data1\" content=\"1 minute\">\n<script type=\"application\/ld+json\" class=\"yoast-schema-graph\">{\"@context\":\"https:\/\/schema.org\",\"@graph\":[{\"@type\":\"WebSite\",\"@id\":\"https:\/\/goblingames.mk\/#website\",\"url\":\"https:\/\/goblingames.mk\/\",\"name\":\"Goblin Games\",\"description\":\"\",\"potentialAction\":[{\"@type\":\"SearchAction\",\"target\":\"https:\/\/goblingames.mk\/?s={search_term_string}\",\"query-input\":\"required name=search_term_string\"}],\"inLanguage\":\"en-US\"},{\"@type\":\"ImageObject\",\"@id\":\"https:\/\/goblingames.mk\/product\/pokemon-battle-academy-2024\/#primaryimage\",\"inLanguage\":\"en-US\",\"url\":\"https:\/\/goblingames.mk\/wp\/wp-content\/uploads\/2024\/08\/Pokemon-Battle-Academy-2024.jpg\",\"contentUrl\":\"https:\/\/goblingames.mk\/wp\/wp-content\/uploads\/2024\/08\/Pokemon-Battle-Academy-2024.jpg\",\"width\":500,\"height\":500},{\"@type\":\"WebPage\",\"@id\":\"https:\/\/goblingames.mk\/product\/pokemon-battle-academy-2024\/#webpage\",\"url\":\"https:\/\/goblingames.mk\/product\/pokemon-battle-academy-2024\/\",\"name\":\"Pokemon Battle Academy 2024 - Goblin Games\",\"isPartOf\":{\"@id\":\"https:\/\/goblingames.mk\/#website\"},\"primaryImageOfPage\":{\"@id\":\"https:\/\/goblingames.mk\/product\/pokemon-battle-academy-2024\/#primaryimage\"},\"datePublished\":\"2025-11-16T13:38:35+00:00\",\"dateModified\":\"2026-04-08T15:26:49+00:00\",\"breadcrumb\":{\"@id\":\"https:\/\/goblingames.mk\/product\/pokemon-battle-academy-2024\/#breadcrumb\"},\"inLanguage\":\"en-US\",\"potentialAction\":[{\"@type\":\"ReadAction\",\"target\":[\"https:\/\/goblingames.mk\/product\/pokemon-battle-academy-2024\/\"]}]},{\"@type\":\"BreadcrumbList\",\"@id\":\"https:\/\/goblingames.mk\/product\/pokemon-battle-academy-2024\/#breadcrumb\",\"itemListElement\":[{\"@type\":\"ListItem\",\"position\":1,\"item\":{\"@type\":\"WebPage\",\"@id\":\"https:\/\/goblingames.mk\/\",\"url\":\"https:\/\/goblingames.mk\/\",\"name\":\"Home\"}},{\"@type\":\"ListItem\",\"position\":2,\"item\":{\"@type\":\"WebPage\",\"@id\":\"https:\/\/goblingames.mk\/shop\/\",\"url\":\"https:\/\/goblingames.mk\/shop\/\",\"name\":\"Shop\"}},{\"@type\":\"ListItem\",\"position\":3,\"item\":{\"@type\":\"WebPage\",\"@id\":\"https:\/\/goblingames.mk\/product-category\/tradingcardgames\/\",\"url\":\"https:\/\/goblingames.mk\/product-category\/tradingcardgames\/\",\"name\":\"Trading Card Games\"}},{\"@type\":\"ListItem\",\"position\":4,\"item\":{\"@type\":\"WebPage\",\"@id\":\"https:\/\/goblingames.mk\/product\/pokemon-battle-academy-2024\/\",\"url\":\"https:\/\/goblingames.mk\/product\/pokemon-battle-academy-2024\/\",\"name\":\"Pokemon Battle Academy 2024\"}}]}]}<\/script>\n<!-- \/ Yoast SEO plugin. -->","_links":{"self":[{"href":"https:\/\/goblingames.mk\/en\/wp-json\/wp\/v2\/product\/76394"}],"collection":[{"href":"https:\/\/goblingames.mk\/en\/wp-json\/wp\/v2\/product"}],"about":[{"href":"https:\/\/goblingames.mk\/en\/wp-json\/wp\/v2\/types\/product"}],"version-history":[{"count":0,"href":"https:\/\/goblingames.mk\/en\/wp-json\/wp\/v2\/product\/76394\/revisions"}],"wp:featuredmedia":[{"embeddable":true,"href":"https:\/\/goblingames.mk\/en\/wp-json\/wp\/v2\/media\/76395"}],"wp:attachment":[{"href":"https:\/\/goblingames.mk\/en\/wp-json\/wp\/v2\/media?parent=76394"}],"wp:term":[{"taxonomy":"product_cat","embeddable":true,"href":"https:\/\/goblingames.mk\/en\/wp-json\/wp\/v2\/product_cat?post=76394"},{"taxonomy":"product_tag","embeddable":true,"href":"https:\/\/goblingames.mk\/en\/wp-json\/wp\/v2\/product_tag?post=76394"}],"curies":[{"name":"wp","href":"https:\/\/api.w.org\/{rel}","templated":true}]}}